{"id":14,"date":"2024-08-26T10:47:01","date_gmt":"2024-08-26T10:47:01","guid":{"rendered":"https:\/\/micasaideal.rkinformatika.online\/?page_id=14"},"modified":"2024-09-12T12:09:56","modified_gmt":"2024-09-12T12:09:56","slug":"servicios","status":"publish","type":"page","link":"https:\/\/micasaideal.es\/eus\/servicios\/","title":{"rendered":"Zerbitzuak"},"content":{"rendered":"<div data-elementor-type=\"wp-page\" data-elementor-id=\"14\" class=\"elementor elementor-14\" data-elementor-post-type=\"page\">\n\t\t\t\t\t\t<section class=\"elementor-section elementor-top-section elementor-element elementor-element-75256fba elementor-section-full_width elementor-section-height-default elementor-section-height-default\" data-id=\"75256fba\" data-element_type=\"section\" data-e-type=\"section\" data-settings=\"{&quot;background_background&quot;:&quot;classic&quot;}\">\n\t\t\t\t\t\t\t<div class=\"elementor-background-overlay\"><\/div>\n\t\t\t\t\t\t\t<div class=\"elementor-container elementor-column-gap-no\">\n\t\t\t\t\t<div class=\"elementor-column elementor-col-100 elementor-top-column elementor-element elementor-element-63bbd4d2\" data-id=\"63bbd4d2\" data-element_type=\"column\" data-e-type=\"column\">\n\t\t\t<div class=\"elementor-widget-wrap elementor-element-populated\">\n\t\t\t\t\t\t<div class=\"elementor-element elementor-element-1a44ab5 elementor-invisible elementor-widget elementor-widget-heading\" data-id=\"1a44ab5\" data-element_type=\"widget\" data-e-type=\"widget\" data-settings=\"{&quot;_animation&quot;:&quot;fadeInRight&quot;}\" data-widget_type=\"heading.default\">\n\t\t\t\t<div class=\"elementor-widget-container\">\n\t\t\t\t\t<h2 class=\"elementor-heading-title elementor-size-default\">Zerbitzuak<\/h2>\t\t\t\t<\/div>\n\t\t\t\t<\/div>\n\t\t\t\t\t<\/div>\n\t\t<\/div>\n\t\t\t\t\t<\/div>\n\t\t<\/section>\n\t\t<div class=\"elementor-element elementor-element-37f563a8 e-flex e-con-boxed e-con e-parent\" data-id=\"37f563a8\" data-element_type=\"container\" data-e-type=\"container\" data-settings=\"{&quot;background_background&quot;:&quot;classic&quot;}\">\n\t\t\t\t\t<div class=\"e-con-inner\">\n\t\t<div class=\"elementor-element elementor-element-5dec4abf e-con-full e-flex elementor-invisible e-con e-child\" data-id=\"5dec4abf\" data-element_type=\"container\" data-e-type=\"container\" data-settings=\"{&quot;background_background&quot;:&quot;gradient&quot;,&quot;animation&quot;:&quot;fadeInUp&quot;,&quot;animation_delay&quot;:&quot;100&quot;}\">\n\t\t\t\t<div class=\"elementor-element elementor-element-6d58809d elementor-widget__width-inherit elementor-widget elementor-widget-image\" data-id=\"6d58809d\" data-element_type=\"widget\" data-e-type=\"widget\" data-widget_type=\"image.default\">\n\t\t\t\t<div class=\"elementor-widget-container\">\n\t\t\t\t\t\t\t\t\t\t\t\t\t\t\t\t<a href=\"https:\/\/micasaideal.es\/wp-content\/uploads\/2024\/09\/IMG20240528211430-scaled-e1726142989454.jpg\" data-elementor-open-lightbox=\"yes\" data-elementor-lightbox-title=\"oppo_0\" data-e-action-hash=\"#elementor-action%3Aaction%3Dlightbox%26settings%3DeyJpZCI6MTc3NywidXJsIjoiaHR0cHM6XC9cL21pY2FzYWlkZWFsLmVzXC93cC1jb250ZW50XC91cGxvYWRzXC8yMDI0XC8wOVwvSU1HMjAyNDA1MjgyMTE0MzAtc2NhbGVkLWUxNzI2MTQyOTg5NDU0LmpwZyJ9\">\n\t\t\t\t\t\t\t<img fetchpriority=\"high\" decoding=\"async\" width=\"2082\" height=\"1058\" src=\"https:\/\/micasaideal.es\/wp-content\/uploads\/2024\/09\/IMG20240528211430-scaled-e1726142989454.jpg\" class=\"attachment-full size-full wp-image-1777\" alt=\"\" srcset=\"https:\/\/micasaideal.es\/wp-content\/uploads\/2024\/09\/IMG20240528211430-scaled-e1726142989454.jpg 2082w, https:\/\/micasaideal.es\/wp-content\/uploads\/2024\/09\/IMG20240528211430-scaled-e1726142989454-300x152.jpg 300w, https:\/\/micasaideal.es\/wp-content\/uploads\/2024\/09\/IMG20240528211430-scaled-e1726142989454-1024x520.jpg 1024w, https:\/\/micasaideal.es\/wp-content\/uploads\/2024\/09\/IMG20240528211430-scaled-e1726142989454-768x390.jpg 768w, https:\/\/micasaideal.es\/wp-content\/uploads\/2024\/09\/IMG20240528211430-scaled-e1726142989454-1536x781.jpg 1536w, https:\/\/micasaideal.es\/wp-content\/uploads\/2024\/09\/IMG20240528211430-scaled-e1726142989454-2048x1041.jpg 2048w, https:\/\/micasaideal.es\/wp-content\/uploads\/2024\/09\/IMG20240528211430-scaled-e1726142989454-18x9.jpg 18w\" sizes=\"(max-width: 2082px) 100vw, 2082px\" \/>\t\t\t\t\t\t\t\t<\/a>\n\t\t\t\t\t\t\t\t\t\t\t\t\t\t\t<\/div>\n\t\t\t\t<\/div>\n\t\t<div class=\"elementor-element elementor-element-201b7d9b e-con-full e-flex e-con e-child\" data-id=\"201b7d9b\" data-element_type=\"container\" data-e-type=\"container\">\n\t\t\t\t<div class=\"elementor-element elementor-element-5d6d7881 elementor-widget elementor-widget-heading\" data-id=\"5d6d7881\" data-element_type=\"widget\" data-e-type=\"widget\" data-widget_type=\"heading.default\">\n\t\t\t\t<div class=\"elementor-widget-container\">\n\t\t\t\t\t<h2 class=\"elementor-heading-title elementor-size-default\">PISCINAS<\/h2>\t\t\t\t<\/div>\n\t\t\t\t<\/div>\n\t\t\t\t<div class=\"elementor-element elementor-element-5d1f989f elementor-widget elementor-widget-text-editor\" data-id=\"5d1f989f\" data-element_type=\"widget\" data-e-type=\"widget\" data-widget_type=\"text-editor.default\">\n\t\t\t\t<div class=\"elementor-widget-container\">\n\t\t\t\t\t\t\t\t\t<p>Micasaideal Instala y Reforma Piscinas de Poli\u00e9ster, Hormig\u00f3n, Prefabricadas y Desmontables con los productos de la m\u00e1xima Calidad del mercado y con el objetivo de conseguir el mayor grado de satisfacci\u00f3n para que su casa sea el lugar de descanso que desea.<\/p><p>Le suministramos cualquier accesorio que desee equipar a su piscina. Estudiamos las mejores opciones a cada ambiente y nos adaptamos a sus necesidades.<\/p>\t\t\t\t\t\t\t\t<\/div>\n\t\t\t\t<\/div>\n\t\t\t\t<div class=\"elementor-element elementor-element-56a6f7ec elementor-align-center elementor-mobile-align-center elementor-widget elementor-widget-button\" data-id=\"56a6f7ec\" data-element_type=\"widget\" data-e-type=\"widget\" data-widget_type=\"button.default\">\n\t\t\t\t<div class=\"elementor-widget-container\">\n\t\t\t\t\t\t\t\t\t<div class=\"elementor-button-wrapper\">\n\t\t\t\t\t<a class=\"elementor-button elementor-button-link elementor-size-sm elementor-animation-grow\" href=\"https:\/\/wa.link\/trbd1t\" target=\"_blank\">\n\t\t\t\t\t\t<span class=\"elementor-button-content-wrapper\">\n\t\t\t\t\t\t\t\t\t<span class=\"elementor-button-text\">Saber M\u00e1s<\/span>\n\t\t\t\t\t<\/span>\n\t\t\t\t\t<\/a>\n\t\t\t\t<\/div>\n\t\t\t\t\t\t\t\t<\/div>\n\t\t\t\t<\/div>\n\t\t\t\t<\/div>\n\t\t\t\t<\/div>\n\t\t<div class=\"elementor-element elementor-element-23b4fb6b e-con-full e-flex elementor-invisible e-con e-child\" data-id=\"23b4fb6b\" data-element_type=\"container\" data-e-type=\"container\" data-settings=\"{&quot;background_background&quot;:&quot;gradient&quot;,&quot;animation&quot;:&quot;fadeInUp&quot;,&quot;animation_delay&quot;:&quot;100&quot;}\">\n\t\t\t\t<div class=\"elementor-element elementor-element-67fd6163 elementor-widget__width-inherit elementor-widget elementor-widget-image\" data-id=\"67fd6163\" data-element_type=\"widget\" data-e-type=\"widget\" data-widget_type=\"image.default\">\n\t\t\t\t<div class=\"elementor-widget-container\">\n\t\t\t\t\t\t\t\t\t\t\t\t\t\t\t\t<a href=\"https:\/\/micasaideal.es\/wp-content\/uploads\/2024\/09\/mini_petra_alta_1.jpg\" data-elementor-open-lightbox=\"yes\" data-e-action-hash=\"#elementor-action%3Aaction%3Dlightbox%26settings%3DeyJpZCI6MTczMCwidXJsIjoiaHR0cHM6XC9cL21pY2FzYWlkZWFsLmVzXC93cC1jb250ZW50XC91cGxvYWRzXC8yMDI0XC8wOVwvbWluaV9wZXRyYV9hbHRhXzEtZTE3MjYxNDMwMjY0MzMuanBnIn0%3D\">\n\t\t\t\t\t\t\t<img decoding=\"async\" width=\"569\" height=\"297\" src=\"https:\/\/micasaideal.es\/wp-content\/uploads\/2024\/09\/mini_petra_alta_1-e1726143026433.jpg\" class=\"attachment-full size-full wp-image-1730\" alt=\"\" srcset=\"https:\/\/micasaideal.es\/wp-content\/uploads\/2024\/09\/mini_petra_alta_1-e1726143026433.jpg 569w, https:\/\/micasaideal.es\/wp-content\/uploads\/2024\/09\/mini_petra_alta_1-e1726143026433-300x157.jpg 300w, https:\/\/micasaideal.es\/wp-content\/uploads\/2024\/09\/mini_petra_alta_1-e1726143026433-18x9.jpg 18w\" sizes=\"(max-width: 569px) 100vw, 569px\" \/>\t\t\t\t\t\t\t\t<\/a>\n\t\t\t\t\t\t\t\t\t\t\t\t\t\t\t<\/div>\n\t\t\t\t<\/div>\n\t\t<div class=\"elementor-element elementor-element-13068c6f e-con-full e-flex e-con e-child\" data-id=\"13068c6f\" data-element_type=\"container\" data-e-type=\"container\">\n\t\t\t\t<div class=\"elementor-element elementor-element-78d46172 elementor-widget elementor-widget-heading\" data-id=\"78d46172\" data-element_type=\"widget\" data-e-type=\"widget\" data-widget_type=\"heading.default\">\n\t\t\t\t<div class=\"elementor-widget-container\">\n\t\t\t\t\t<h2 class=\"elementor-heading-title elementor-size-default\">CUBIERTAS DE PISCINAS<\/h2>\t\t\t\t<\/div>\n\t\t\t\t<\/div>\n\t\t\t\t<div class=\"elementor-element elementor-element-1ce1f4b7 elementor-widget elementor-widget-text-editor\" data-id=\"1ce1f4b7\" data-element_type=\"widget\" data-e-type=\"widget\" data-widget_type=\"text-editor.default\">\n\t\t\t\t<div class=\"elementor-widget-container\">\n\t\t\t\t\t\t\t\t\t<div class=\"flex-shrink-0 flex flex-col relative items-end\"><div><div class=\"pt-0\"><div class=\"gizmo-bot-avatar flex h-8 w-8 items-center justify-center overflow-hidden rounded-full\"><div class=\"relative p-1 rounded-sm flex items-center justify-center bg-token-main-surface-primary text-token-text-primary h-8 w-8\">Micasaideal suministra <strong>DIRECTAMENTE DE F\u00c1BRICA<\/strong> cubiertas Standard y a medida, ofreciendo una amplia variedad de modelos: telesc\u00f3picos, fijos, altos, bajos, con o sin carriles, para adaptarse a las necesidades de cada cliente.<\/div><div>\u00a0<\/div><\/div><\/div><\/div><\/div><p>Nuestra oferta garantiza soluciones personalizadas para cualquier tipo de requerimiento, asegurando la m\u00e1xima adaptabilidad y calidad en cada proyecto.<\/p>\t\t\t\t\t\t\t\t<\/div>\n\t\t\t\t<\/div>\n\t\t\t\t<div class=\"elementor-element elementor-element-242c3935 elementor-align-center elementor-mobile-align-center elementor-widget elementor-widget-button\" data-id=\"242c3935\" data-element_type=\"widget\" data-e-type=\"widget\" data-widget_type=\"button.default\">\n\t\t\t\t<div class=\"elementor-widget-container\">\n\t\t\t\t\t\t\t\t\t<div class=\"elementor-button-wrapper\">\n\t\t\t\t\t<a class=\"elementor-button elementor-button-link elementor-size-sm elementor-animation-grow\" href=\"https:\/\/wa.link\/trbd1t\">\n\t\t\t\t\t\t<span class=\"elementor-button-content-wrapper\">\n\t\t\t\t\t\t\t\t\t<span class=\"elementor-button-text\">Saber M\u00e1s<\/span>\n\t\t\t\t\t<\/span>\n\t\t\t\t\t<\/a>\n\t\t\t\t<\/div>\n\t\t\t\t\t\t\t\t<\/div>\n\t\t\t\t<\/div>\n\t\t\t\t<\/div>\n\t\t\t\t<\/div>\n\t\t\t\t\t<\/div>\n\t\t\t\t<\/div>\n\t\t<div class=\"elementor-element elementor-element-5bcfe4b e-flex e-con-boxed e-con e-parent\" data-id=\"5bcfe4b\" data-element_type=\"container\" data-e-type=\"container\" data-settings=\"{&quot;background_background&quot;:&quot;classic&quot;}\">\n\t\t\t\t\t<div class=\"e-con-inner\">\n\t\t<div class=\"elementor-element elementor-element-68f581f e-con-full e-flex elementor-invisible e-con e-child\" data-id=\"68f581f\" data-element_type=\"container\" data-e-type=\"container\" data-settings=\"{&quot;background_background&quot;:&quot;gradient&quot;,&quot;animation&quot;:&quot;fadeInUp&quot;,&quot;animation_delay&quot;:&quot;100&quot;}\">\n\t\t\t\t<div class=\"elementor-element elementor-element-a3cf6d2 elementor-widget__width-inherit elementor-widget elementor-widget-image\" data-id=\"a3cf6d2\" data-element_type=\"widget\" data-e-type=\"widget\" data-widget_type=\"image.default\">\n\t\t\t\t<div class=\"elementor-widget-container\">\n\t\t\t\t\t\t\t\t\t\t\t\t\t\t\t\t<a href=\"https:\/\/micasaideal.es\/wp-content\/uploads\/2024\/09\/04-1.jpg\" data-elementor-open-lightbox=\"yes\" data-elementor-lightbox-title=\"04\" data-e-action-hash=\"#elementor-action%3Aaction%3Dlightbox%26settings%3DeyJpZCI6NzYwLCJ1cmwiOiJodHRwczpcL1wvbWljYXNhaWRlYWwuZXNcL3dwLWNvbnRlbnRcL3VwbG9hZHNcLzIwMjRcLzA5XC8wNC0xLmpwZyJ9\">\n\t\t\t\t\t\t\t<img decoding=\"async\" width=\"640\" height=\"277\" src=\"https:\/\/micasaideal.es\/wp-content\/uploads\/2024\/09\/04-1.jpg\" class=\"attachment-full size-full wp-image-760\" alt=\"\" srcset=\"https:\/\/micasaideal.es\/wp-content\/uploads\/2024\/09\/04-1.jpg 640w, https:\/\/micasaideal.es\/wp-content\/uploads\/2024\/09\/04-1-300x130.jpg 300w, https:\/\/micasaideal.es\/wp-content\/uploads\/2024\/09\/04-1-18x8.jpg 18w\" sizes=\"(max-width: 640px) 100vw, 640px\" \/>\t\t\t\t\t\t\t\t<\/a>\n\t\t\t\t\t\t\t\t\t\t\t\t\t\t\t<\/div>\n\t\t\t\t<\/div>\n\t\t<div class=\"elementor-element elementor-element-52e7653 e-con-full e-flex e-con e-child\" data-id=\"52e7653\" data-element_type=\"container\" data-e-type=\"container\">\n\t\t\t\t<div class=\"elementor-element elementor-element-480c0ce elementor-widget elementor-widget-heading\" data-id=\"480c0ce\" data-element_type=\"widget\" data-e-type=\"widget\" data-widget_type=\"heading.default\">\n\t\t\t\t<div class=\"elementor-widget-container\">\n\t\t\t\t\t<h2 class=\"elementor-heading-title elementor-size-default\">\nCORTINA CRISTAL Y TECHOS FIJOS Y M\u00d3VILES <\/h2>\t\t\t\t<\/div>\n\t\t\t\t<\/div>\n\t\t\t\t<div class=\"elementor-element elementor-element-381d7e3 elementor-widget elementor-widget-text-editor\" data-id=\"381d7e3\" data-element_type=\"widget\" data-e-type=\"widget\" data-widget_type=\"text-editor.default\">\n\t\t\t\t<div class=\"elementor-widget-container\">\n\t\t\t\t\t\t\t\t\t<p>Cerramientos Transparentes sin perfiles de Aluminio con Vidrio Templado para terrazas, porches, balcones, cafeter\u00edas, restaurantes, etc..<\/p><p>Las ventajas son que ademas de disponer de mas espacio \u00fatil de una forma econ\u00f3mica sin obras, le protege del frio, viento, lluvia, suciedad y ruido. Aumenta la seguridad en la casa, Se pueden abrir total o parcialmente.<\/p>\t\t\t\t\t\t\t\t<\/div>\n\t\t\t\t<\/div>\n\t\t\t\t<div class=\"elementor-element elementor-element-a9fa07b elementor-align-center elementor-mobile-align-center elementor-widget elementor-widget-button\" data-id=\"a9fa07b\" data-element_type=\"widget\" data-e-type=\"widget\" data-widget_type=\"button.default\">\n\t\t\t\t<div class=\"elementor-widget-container\">\n\t\t\t\t\t\t\t\t\t<div class=\"elementor-button-wrapper\">\n\t\t\t\t\t<a class=\"elementor-button elementor-button-link elementor-size-sm elementor-animation-grow\" href=\"https:\/\/wa.link\/trbd1t\">\n\t\t\t\t\t\t<span class=\"elementor-button-content-wrapper\">\n\t\t\t\t\t\t\t\t\t<span class=\"elementor-button-text\">Saber M\u00e1s<\/span>\n\t\t\t\t\t<\/span>\n\t\t\t\t\t<\/a>\n\t\t\t\t<\/div>\n\t\t\t\t\t\t\t\t<\/div>\n\t\t\t\t<\/div>\n\t\t\t\t<\/div>\n\t\t\t\t<\/div>\n\t\t\t\t\t<\/div>\n\t\t\t\t<\/div>\n\t\t\t\t<\/div>","protected":false},"excerpt":{"rendered":"<p>Servicios PISCINAS Micasaideal Instala y Reforma Piscinas de Poli\u00e9ster, Hormig\u00f3n, Prefabricadas y Desmontables con los productos de la m\u00e1xima Calidad del mercado y con el objetivo de conseguir el mayor grado de satisfacci\u00f3n para que su casa sea el lugar de descanso que desea. Le suministramos cualquier accesorio que desee equipar a su piscina. Estudiamos [&hellip;]<\/p>\n","protected":false},"author":1,"featured_media":0,"parent":0,"menu_order":0,"comment_status":"closed","ping_status":"closed","template":"elementor_canvas","meta":{"footnotes":""},"class_list":["post-14","page","type-page","status-publish","hentry"],"yoast_head":"<!-- This site is optimized with the Yoast SEO plugin v27.5 - https:\/\/yoast.com\/product\/yoast-seo-wordpress\/ -->\n<title>Servicios - Mi Casa Ideal<\/title>\n<meta name=\"robots\" content=\"index, follow, max-snippet:-1, max-image-preview:large, max-video-preview:-1\" \/>\n<link rel=\"canonical\" href=\"https:\/\/micasaideal.es\/eus\/servicios\/\" \/>\n<meta property=\"og:locale\" content=\"en_US\" \/>\n<meta property=\"og:type\" content=\"article\" \/>\n<meta property=\"og:title\" content=\"Servicios - Mi Casa Ideal\" \/>\n<meta property=\"og:description\" content=\"Servicios PISCINAS Micasaideal Instala y Reforma Piscinas de Poli\u00e9ster, Hormig\u00f3n, Prefabricadas y Desmontables con los productos de la m\u00e1xima Calidad del mercado y con el objetivo de conseguir el mayor grado de satisfacci\u00f3n para que su casa sea el lugar de descanso que desea. Le suministramos cualquier accesorio que desee equipar a su piscina. Estudiamos [&hellip;]\" \/>\n<meta property=\"og:url\" content=\"https:\/\/micasaideal.es\/eus\/servicios\/\" \/>\n<meta property=\"og:site_name\" content=\"Mi Casa Ideal\" \/>\n<meta property=\"article:modified_time\" content=\"2024-09-12T12:09:56+00:00\" \/>\n<meta property=\"og:image\" content=\"https:\/\/micasaideal.es\/wp-content\/uploads\/2024\/09\/IMG20240528211430-scaled-e1726142989454.jpg\" \/>\n<meta name=\"twitter:card\" content=\"summary_large_image\" \/>\n<meta name=\"twitter:label1\" content=\"Est. reading time\" \/>\n\t<meta name=\"twitter:data1\" content=\"2 minutua\" \/>\n<script type=\"application\/ld+json\" class=\"yoast-schema-graph\">{\"@context\":\"https:\\\/\\\/schema.org\",\"@graph\":[{\"@type\":\"WebPage\",\"@id\":\"https:\\\/\\\/micasaideal.es\\\/servicios\\\/\",\"url\":\"https:\\\/\\\/micasaideal.es\\\/servicios\\\/\",\"name\":\"Servicios - Mi Casa Ideal\",\"isPartOf\":{\"@id\":\"https:\\\/\\\/micasaideal.es\\\/#website\"},\"primaryImageOfPage\":{\"@id\":\"https:\\\/\\\/micasaideal.es\\\/servicios\\\/#primaryimage\"},\"image\":{\"@id\":\"https:\\\/\\\/micasaideal.es\\\/servicios\\\/#primaryimage\"},\"thumbnailUrl\":\"https:\\\/\\\/micasaideal.es\\\/wp-content\\\/uploads\\\/2024\\\/09\\\/IMG20240528211430-scaled-e1726142989454.jpg\",\"datePublished\":\"2024-08-26T10:47:01+00:00\",\"dateModified\":\"2024-09-12T12:09:56+00:00\",\"breadcrumb\":{\"@id\":\"https:\\\/\\\/micasaideal.es\\\/servicios\\\/#breadcrumb\"},\"inLanguage\":\"eu\",\"potentialAction\":[{\"@type\":\"ReadAction\",\"target\":[\"https:\\\/\\\/micasaideal.es\\\/servicios\\\/\"]}]},{\"@type\":\"ImageObject\",\"inLanguage\":\"eu\",\"@id\":\"https:\\\/\\\/micasaideal.es\\\/servicios\\\/#primaryimage\",\"url\":\"https:\\\/\\\/micasaideal.es\\\/wp-content\\\/uploads\\\/2024\\\/09\\\/IMG20240528211430-scaled-e1726142989454.jpg\",\"contentUrl\":\"https:\\\/\\\/micasaideal.es\\\/wp-content\\\/uploads\\\/2024\\\/09\\\/IMG20240528211430-scaled-e1726142989454.jpg\"},{\"@type\":\"BreadcrumbList\",\"@id\":\"https:\\\/\\\/micasaideal.es\\\/servicios\\\/#breadcrumb\",\"itemListElement\":[{\"@type\":\"ListItem\",\"position\":1,\"name\":\"Portada\",\"item\":\"https:\\\/\\\/micasaideal.es\\\/\"},{\"@type\":\"ListItem\",\"position\":2,\"name\":\"Servicios\"}]},{\"@type\":\"WebSite\",\"@id\":\"https:\\\/\\\/micasaideal.es\\\/#website\",\"url\":\"https:\\\/\\\/micasaideal.es\\\/\",\"name\":\"Mi Casa Ideal\",\"description\":\"\",\"publisher\":{\"@id\":\"https:\\\/\\\/micasaideal.es\\\/#organization\"},\"potentialAction\":[{\"@type\":\"SearchAction\",\"target\":{\"@type\":\"EntryPoint\",\"urlTemplate\":\"https:\\\/\\\/micasaideal.es\\\/?s={search_term_string}\"},\"query-input\":{\"@type\":\"PropertyValueSpecification\",\"valueRequired\":true,\"valueName\":\"search_term_string\"}}],\"inLanguage\":\"eu\"},{\"@type\":\"Organization\",\"@id\":\"https:\\\/\\\/micasaideal.es\\\/#organization\",\"name\":\"Mi Casa Ideal\",\"url\":\"https:\\\/\\\/micasaideal.es\\\/\",\"logo\":{\"@type\":\"ImageObject\",\"inLanguage\":\"eu\",\"@id\":\"https:\\\/\\\/micasaideal.es\\\/#\\\/schema\\\/logo\\\/image\\\/\",\"url\":\"https:\\\/\\\/micasaideal.es\\\/wp-content\\\/uploads\\\/2024\\\/09\\\/cropped-Captura_desde_2024-09-03_11-20-09-removebg-preview.png\",\"contentUrl\":\"https:\\\/\\\/micasaideal.es\\\/wp-content\\\/uploads\\\/2024\\\/09\\\/cropped-Captura_desde_2024-09-03_11-20-09-removebg-preview.png\",\"width\":318,\"height\":90,\"caption\":\"Mi Casa Ideal\"},\"image\":{\"@id\":\"https:\\\/\\\/micasaideal.es\\\/#\\\/schema\\\/logo\\\/image\\\/\"}}]}<\/script>\n<!-- \/ Yoast SEO plugin. -->","yoast_head_json":{"title":"Servicios - Mi Casa Ideal","robots":{"index":"index","follow":"follow","max-snippet":"max-snippet:-1","max-image-preview":"max-image-preview:large","max-video-preview":"max-video-preview:-1"},"canonical":"https:\/\/micasaideal.es\/eus\/servicios\/","og_locale":"en_US","og_type":"article","og_title":"Servicios - Mi Casa Ideal","og_description":"Servicios PISCINAS Micasaideal Instala y Reforma Piscinas de Poli\u00e9ster, Hormig\u00f3n, Prefabricadas y Desmontables con los productos de la m\u00e1xima Calidad del mercado y con el objetivo de conseguir el mayor grado de satisfacci\u00f3n para que su casa sea el lugar de descanso que desea. Le suministramos cualquier accesorio que desee equipar a su piscina. Estudiamos [&hellip;]","og_url":"https:\/\/micasaideal.es\/eus\/servicios\/","og_site_name":"Mi Casa Ideal","article_modified_time":"2024-09-12T12:09:56+00:00","og_image":[{"url":"https:\/\/micasaideal.es\/wp-content\/uploads\/2024\/09\/IMG20240528211430-scaled-e1726142989454.jpg","type":"","width":"","height":""}],"twitter_card":"summary_large_image","twitter_misc":{"Est. reading time":"2 minutua"},"schema":{"@context":"https:\/\/schema.org","@graph":[{"@type":"WebPage","@id":"https:\/\/micasaideal.es\/servicios\/","url":"https:\/\/micasaideal.es\/servicios\/","name":"Servicios - Mi Casa Ideal","isPartOf":{"@id":"https:\/\/micasaideal.es\/#website"},"primaryImageOfPage":{"@id":"https:\/\/micasaideal.es\/servicios\/#primaryimage"},"image":{"@id":"https:\/\/micasaideal.es\/servicios\/#primaryimage"},"thumbnailUrl":"https:\/\/micasaideal.es\/wp-content\/uploads\/2024\/09\/IMG20240528211430-scaled-e1726142989454.jpg","datePublished":"2024-08-26T10:47:01+00:00","dateModified":"2024-09-12T12:09:56+00:00","breadcrumb":{"@id":"https:\/\/micasaideal.es\/servicios\/#breadcrumb"},"inLanguage":"eu","potentialAction":[{"@type":"ReadAction","target":["https:\/\/micasaideal.es\/servicios\/"]}]},{"@type":"ImageObject","inLanguage":"eu","@id":"https:\/\/micasaideal.es\/servicios\/#primaryimage","url":"https:\/\/micasaideal.es\/wp-content\/uploads\/2024\/09\/IMG20240528211430-scaled-e1726142989454.jpg","contentUrl":"https:\/\/micasaideal.es\/wp-content\/uploads\/2024\/09\/IMG20240528211430-scaled-e1726142989454.jpg"},{"@type":"BreadcrumbList","@id":"https:\/\/micasaideal.es\/servicios\/#breadcrumb","itemListElement":[{"@type":"ListItem","position":1,"name":"Portada","item":"https:\/\/micasaideal.es\/"},{"@type":"ListItem","position":2,"name":"Servicios"}]},{"@type":"WebSite","@id":"https:\/\/micasaideal.es\/#website","url":"https:\/\/micasaideal.es\/","name":"Mi Casa Ideal","description":"","publisher":{"@id":"https:\/\/micasaideal.es\/#organization"},"potentialAction":[{"@type":"SearchAction","target":{"@type":"EntryPoint","urlTemplate":"https:\/\/micasaideal.es\/?s={search_term_string}"},"query-input":{"@type":"PropertyValueSpecification","valueRequired":true,"valueName":"search_term_string"}}],"inLanguage":"eu"},{"@type":"Organization","@id":"https:\/\/micasaideal.es\/#organization","name":"Mi Casa Ideal","url":"https:\/\/micasaideal.es\/","logo":{"@type":"ImageObject","inLanguage":"eu","@id":"https:\/\/micasaideal.es\/#\/schema\/logo\/image\/","url":"https:\/\/micasaideal.es\/wp-content\/uploads\/2024\/09\/cropped-Captura_desde_2024-09-03_11-20-09-removebg-preview.png","contentUrl":"https:\/\/micasaideal.es\/wp-content\/uploads\/2024\/09\/cropped-Captura_desde_2024-09-03_11-20-09-removebg-preview.png","width":318,"height":90,"caption":"Mi Casa Ideal"},"image":{"@id":"https:\/\/micasaideal.es\/#\/schema\/logo\/image\/"}}]}},"_links":{"self":[{"href":"https:\/\/micasaideal.es\/eus\/wp-json\/wp\/v2\/pages\/14","targetHints":{"allow":["GET"]}}],"collection":[{"href":"https:\/\/micasaideal.es\/eus\/wp-json\/wp\/v2\/pages"}],"about":[{"href":"https:\/\/micasaideal.es\/eus\/wp-json\/wp\/v2\/types\/page"}],"author":[{"embeddable":true,"href":"https:\/\/micasaideal.es\/eus\/wp-json\/wp\/v2\/users\/1"}],"replies":[{"embeddable":true,"href":"https:\/\/micasaideal.es\/eus\/wp-json\/wp\/v2\/comments?post=14"}],"version-history":[{"count":554,"href":"https:\/\/micasaideal.es\/eus\/wp-json\/wp\/v2\/pages\/14\/revisions"}],"predecessor-version":[{"id":1925,"href":"https:\/\/micasaideal.es\/eus\/wp-json\/wp\/v2\/pages\/14\/revisions\/1925"}],"wp:attachment":[{"href":"https:\/\/micasaideal.es\/eus\/wp-json\/wp\/v2\/media?parent=14"}],"curies":[{"name":"wp","href":"https:\/\/api.w.org\/{rel}","templated":true}]}}